{"id":24595,"date":"2022-12-16T08:04:23","date_gmt":"2022-12-16T08:04:23","guid":{"rendered":"https:\/\/expleo.com\/global\/en\/?page_id=49298"},"modified":"2025-07-17T12:54:05","modified_gmt":"2025-07-17T12:54:05","slug":"csr-ansatz","status":"publish","type":"page","link":"https:\/\/expleo.com\/global\/de\/uber-expleo\/csr-ansatz\/","title":{"rendered":"CSR-Ansatz"},"content":{"rendered":"\n<p>.<\/p>\n","protected":false},"excerpt":{"rendered":"<p>.<\/p>\n","protected":false},"author":81,"featured_media":40552,"parent":8222,"menu_order":0,"comment_status":"closed","ping_status":"closed","template":"templates\/immersive-content-v2.php","meta":{"_oasis_is_in_workflow":0,"_oasis_original":0,"_oasis_task_priority":"","footnotes":""},"content-type":[],"class_list":["post-24595","page","type-page","status-publish","has-post-thumbnail","hentry"],"yoast_head":"<!-- This site is optimized with the Yoast SEO Premium plugin v27.0 (Yoast SEO v27.4) - https:\/\/yoast.com\/product\/yoast-seo-premium-wordpress\/ -->\n<title>Expleo | Unsere Corporate Social Responsibility<\/title>\n<meta name=\"description\" content=\"Unsere CSR-Strategie: Wir \u00fcbernehmen Verantwortung und arbeiten f\u00fcr eine gr\u00fcnere Zukunft - im Interesse unserer Kunden und der Gesellschaft.\" \/>\n<meta name=\"robots\" content=\"index, follow, max-snippet:-1, max-image-preview:large, max-video-preview:-1\" \/>\n<link rel=\"canonical\" href=\"https:\/\/expleo.com\/global\/de\/uber-expleo\/csr-ansatz\/\" \/>\n<meta property=\"og:locale\" content=\"de_DE\" \/>\n<meta property=\"og:type\" content=\"article\" \/>\n<meta property=\"og:title\" content=\"CSR-Ansatz\" \/>\n<meta property=\"og:description\" content=\"Unsere CSR-Strategie: Wir \u00fcbernehmen Verantwortung und arbeiten f\u00fcr eine gr\u00fcnere Zukunft - im Interesse unserer Kunden und der Gesellschaft.\" \/>\n<meta property=\"og:url\" content=\"https:\/\/expleo.com\/global\/de\/uber-expleo\/csr-ansatz\/\" \/>\n<meta property=\"og:site_name\" content=\"Global DE\" \/>\n<meta property=\"article:modified_time\" content=\"2025-07-17T12:54:05+00:00\" \/>\n<meta property=\"og:image\" content=\"https:\/\/expleo.com\/global\/de\/wp-content\/uploads\/2025\/07\/csr-2024-featured.jpg\" \/>\n\t<meta property=\"og:image:width\" content=\"1280\" \/>\n\t<meta property=\"og:image:height\" content=\"720\" \/>\n\t<meta property=\"og:image:type\" content=\"image\/jpeg\" \/>\n<meta name=\"twitter:card\" content=\"summary_large_image\" \/>\n<meta name=\"twitter:label1\" content=\"Est. reading time\" \/>\n\t<meta name=\"twitter:data1\" content=\"1 minute\" \/>\n<script type=\"application\/ld+json\" class=\"yoast-schema-graph\">{\"@context\":\"https:\\\/\\\/schema.org\",\"@graph\":[{\"@type\":\"WebPage\",\"@id\":\"https:\\\/\\\/expleo.com\\\/global\\\/de\\\/uber-expleo\\\/csr-ansatz\\\/\",\"url\":\"https:\\\/\\\/expleo.com\\\/global\\\/de\\\/uber-expleo\\\/csr-ansatz\\\/\",\"name\":\"Expleo | Unsere Corporate Social Responsibility\",\"isPartOf\":{\"@id\":\"https:\\\/\\\/expleo.com\\\/global\\\/de\\\/#website\"},\"primaryImageOfPage\":{\"@id\":\"https:\\\/\\\/expleo.com\\\/global\\\/de\\\/uber-expleo\\\/csr-ansatz\\\/#primaryimage\"},\"image\":{\"@id\":\"https:\\\/\\\/expleo.com\\\/global\\\/de\\\/uber-expleo\\\/csr-ansatz\\\/#primaryimage\"},\"thumbnailUrl\":\"https:\\\/\\\/expleo.com\\\/global\\\/de\\\/wp-content\\\/uploads\\\/2025\\\/07\\\/csr-2024-featured.jpg\",\"datePublished\":\"2022-12-16T08:04:23+00:00\",\"dateModified\":\"2025-07-17T12:54:05+00:00\",\"description\":\"Unsere CSR-Strategie: Wir \u00fcbernehmen Verantwortung und arbeiten f\u00fcr eine gr\u00fcnere Zukunft - im Interesse unserer Kunden und der Gesellschaft.\",\"breadcrumb\":{\"@id\":\"https:\\\/\\\/expleo.com\\\/global\\\/de\\\/uber-expleo\\\/csr-ansatz\\\/#breadcrumb\"},\"inLanguage\":\"de-DE\",\"potentialAction\":[{\"@type\":\"ReadAction\",\"target\":[\"https:\\\/\\\/expleo.com\\\/global\\\/de\\\/uber-expleo\\\/csr-ansatz\\\/\"]}]},{\"@type\":\"ImageObject\",\"inLanguage\":\"de-DE\",\"@id\":\"https:\\\/\\\/expleo.com\\\/global\\\/de\\\/uber-expleo\\\/csr-ansatz\\\/#primaryimage\",\"url\":\"https:\\\/\\\/expleo.com\\\/global\\\/de\\\/wp-content\\\/uploads\\\/2025\\\/07\\\/csr-2024-featured.jpg\",\"contentUrl\":\"https:\\\/\\\/expleo.com\\\/global\\\/de\\\/wp-content\\\/uploads\\\/2025\\\/07\\\/csr-2024-featured.jpg\",\"width\":1280,\"height\":720,\"caption\":\"View looking up between glass buildings reflecting green trees and sunlight, creating a blend of natural and urban elements with a bright, leafy canopy above.\"},{\"@type\":\"BreadcrumbList\",\"@id\":\"https:\\\/\\\/expleo.com\\\/global\\\/de\\\/uber-expleo\\\/csr-ansatz\\\/#breadcrumb\",\"itemListElement\":[{\"@type\":\"ListItem\",\"position\":1,\"name\":\"Home\",\"item\":\"https:\\\/\\\/expleo.com\\\/global\\\/de\\\/\"},{\"@type\":\"ListItem\",\"position\":2,\"name\":\"\u00dcber Expleo\",\"item\":\"https:\\\/\\\/expleo.com\\\/global\\\/de\\\/uber-expleo\\\/\"},{\"@type\":\"ListItem\",\"position\":3,\"name\":\"CSR-Ansatz\"}]},{\"@type\":\"WebSite\",\"@id\":\"https:\\\/\\\/expleo.com\\\/global\\\/de\\\/#website\",\"url\":\"https:\\\/\\\/expleo.com\\\/global\\\/de\\\/\",\"name\":\"Expleo | DE\",\"description\":\"Expleo\",\"publisher\":{\"@id\":\"https:\\\/\\\/expleo.com\\\/global\\\/de\\\/#organization\"},\"potentialAction\":[{\"@type\":\"SearchAction\",\"target\":{\"@type\":\"EntryPoint\",\"urlTemplate\":\"https:\\\/\\\/expleo.com\\\/global\\\/de\\\/?s={search_term_string}\"},\"query-input\":{\"@type\":\"PropertyValueSpecification\",\"valueRequired\":true,\"valueName\":\"search_term_string\"}}],\"inLanguage\":\"de-DE\"},{\"@type\":\"Organization\",\"@id\":\"https:\\\/\\\/expleo.com\\\/global\\\/de\\\/#organization\",\"name\":\"Expleo | DE\",\"url\":\"https:\\\/\\\/expleo.com\\\/global\\\/de\\\/\",\"logo\":{\"@type\":\"ImageObject\",\"inLanguage\":\"de-DE\",\"@id\":\"https:\\\/\\\/expleo.com\\\/global\\\/de\\\/#\\\/schema\\\/logo\\\/image\\\/\",\"url\":\"https:\\\/\\\/expleo.com\\\/global\\\/de\\\/wp-content\\\/uploads\\\/2019\\\/02\\\/expleo-logo-and-tagline.png\",\"contentUrl\":\"https:\\\/\\\/expleo.com\\\/global\\\/de\\\/wp-content\\\/uploads\\\/2019\\\/02\\\/expleo-logo-and-tagline.png\",\"width\":1600,\"height\":774,\"caption\":\"Expleo | DE\"},\"image\":{\"@id\":\"https:\\\/\\\/expleo.com\\\/global\\\/de\\\/#\\\/schema\\\/logo\\\/image\\\/\"}}]}<\/script>\n<!-- \/ Yoast SEO Premium plugin. -->","yoast_head_json":{"title":"Expleo | Unsere Corporate Social Responsibility","description":"Unsere CSR-Strategie: Wir \u00fcbernehmen Verantwortung und arbeiten f\u00fcr eine gr\u00fcnere Zukunft - im Interesse unserer Kunden und der Gesellschaft.","robots":{"index":"index","follow":"follow","max-snippet":"max-snippet:-1","max-image-preview":"max-image-preview:large","max-video-preview":"max-video-preview:-1"},"canonical":"https:\/\/expleo.com\/global\/de\/uber-expleo\/csr-ansatz\/","og_locale":"de_DE","og_type":"article","og_title":"CSR-Ansatz","og_description":"Unsere CSR-Strategie: Wir \u00fcbernehmen Verantwortung und arbeiten f\u00fcr eine gr\u00fcnere Zukunft - im Interesse unserer Kunden und der Gesellschaft.","og_url":"https:\/\/expleo.com\/global\/de\/uber-expleo\/csr-ansatz\/","og_site_name":"Global DE","article_modified_time":"2025-07-17T12:54:05+00:00","og_image":[{"width":1280,"height":720,"url":"https:\/\/expleo.com\/global\/de\/wp-content\/uploads\/2025\/07\/csr-2024-featured.jpg","type":"image\/jpeg"}],"twitter_card":"summary_large_image","twitter_misc":{"Est. reading time":"1 minute"},"schema":{"@context":"https:\/\/schema.org","@graph":[{"@type":"WebPage","@id":"https:\/\/expleo.com\/global\/de\/uber-expleo\/csr-ansatz\/","url":"https:\/\/expleo.com\/global\/de\/uber-expleo\/csr-ansatz\/","name":"Expleo | Unsere Corporate Social Responsibility","isPartOf":{"@id":"https:\/\/expleo.com\/global\/de\/#website"},"primaryImageOfPage":{"@id":"https:\/\/expleo.com\/global\/de\/uber-expleo\/csr-ansatz\/#primaryimage"},"image":{"@id":"https:\/\/expleo.com\/global\/de\/uber-expleo\/csr-ansatz\/#primaryimage"},"thumbnailUrl":"https:\/\/expleo.com\/global\/de\/wp-content\/uploads\/2025\/07\/csr-2024-featured.jpg","datePublished":"2022-12-16T08:04:23+00:00","dateModified":"2025-07-17T12:54:05+00:00","description":"Unsere CSR-Strategie: Wir \u00fcbernehmen Verantwortung und arbeiten f\u00fcr eine gr\u00fcnere Zukunft - im Interesse unserer Kunden und der Gesellschaft.","breadcrumb":{"@id":"https:\/\/expleo.com\/global\/de\/uber-expleo\/csr-ansatz\/#breadcrumb"},"inLanguage":"de-DE","potentialAction":[{"@type":"ReadAction","target":["https:\/\/expleo.com\/global\/de\/uber-expleo\/csr-ansatz\/"]}]},{"@type":"ImageObject","inLanguage":"de-DE","@id":"https:\/\/expleo.com\/global\/de\/uber-expleo\/csr-ansatz\/#primaryimage","url":"https:\/\/expleo.com\/global\/de\/wp-content\/uploads\/2025\/07\/csr-2024-featured.jpg","contentUrl":"https:\/\/expleo.com\/global\/de\/wp-content\/uploads\/2025\/07\/csr-2024-featured.jpg","width":1280,"height":720,"caption":"View looking up between glass buildings reflecting green trees and sunlight, creating a blend of natural and urban elements with a bright, leafy canopy above."},{"@type":"BreadcrumbList","@id":"https:\/\/expleo.com\/global\/de\/uber-expleo\/csr-ansatz\/#breadcrumb","itemListElement":[{"@type":"ListItem","position":1,"name":"Home","item":"https:\/\/expleo.com\/global\/de\/"},{"@type":"ListItem","position":2,"name":"\u00dcber Expleo","item":"https:\/\/expleo.com\/global\/de\/uber-expleo\/"},{"@type":"ListItem","position":3,"name":"CSR-Ansatz"}]},{"@type":"WebSite","@id":"https:\/\/expleo.com\/global\/de\/#website","url":"https:\/\/expleo.com\/global\/de\/","name":"Expleo | DE","description":"Expleo","publisher":{"@id":"https:\/\/expleo.com\/global\/de\/#organization"},"potentialAction":[{"@type":"SearchAction","target":{"@type":"EntryPoint","urlTemplate":"https:\/\/expleo.com\/global\/de\/?s={search_term_string}"},"query-input":{"@type":"PropertyValueSpecification","valueRequired":true,"valueName":"search_term_string"}}],"inLanguage":"de-DE"},{"@type":"Organization","@id":"https:\/\/expleo.com\/global\/de\/#organization","name":"Expleo | DE","url":"https:\/\/expleo.com\/global\/de\/","logo":{"@type":"ImageObject","inLanguage":"de-DE","@id":"https:\/\/expleo.com\/global\/de\/#\/schema\/logo\/image\/","url":"https:\/\/expleo.com\/global\/de\/wp-content\/uploads\/2019\/02\/expleo-logo-and-tagline.png","contentUrl":"https:\/\/expleo.com\/global\/de\/wp-content\/uploads\/2019\/02\/expleo-logo-and-tagline.png","width":1600,"height":774,"caption":"Expleo | DE"},"image":{"@id":"https:\/\/expleo.com\/global\/de\/#\/schema\/logo\/image\/"}}]}},"hreflang":{"rendered":"<link rel=\"alternate\" href=\"https:\/\/expleo.com\/global\/en\/about-us\/csr-approach\/\" hreflang=\"x-default\"\/>\n<link rel=\"alternate\" href=\"https:\/\/expleo.com\/global\/en\/about-us\/csr-approach\/\" hreflang=\"en\"\/>\n<link rel=\"alternate\" href=\"https:\/\/expleo.com\/global\/fr\/le-groupe\/approche-rse\/\" hreflang=\"fr\"\/>\n<link rel=\"alternate\" href=\"https:\/\/expleo.com\/global\/de\/uber-expleo\/csr-ansatz\/\" hreflang=\"de\"\/>\n","structure":[{"blogId":4,"blogIsHidden":false,"postId":49298,"url":"https:\/\/expleo.com\/global\/en\/about-us\/csr-approach\/","language":"en","default":true},{"blogId":5,"blogIsHidden":false,"postId":27704,"url":"https:\/\/expleo.com\/global\/fr\/le-groupe\/approche-rse\/","language":"fr","default":false},{"blogId":6,"blogIsHidden":false,"postId":24595,"url":"https:\/\/expleo.com\/global\/de\/uber-expleo\/csr-ansatz\/","language":"de","default":false}]},"_links":{"self":[{"href":"https:\/\/expleo.com\/global\/de\/wp-json\/wp\/v2\/pages\/24595","targetHints":{"allow":["GET"]}}],"collection":[{"href":"https:\/\/expleo.com\/global\/de\/wp-json\/wp\/v2\/pages"}],"about":[{"href":"https:\/\/expleo.com\/global\/de\/wp-json\/wp\/v2\/types\/page"}],"author":[{"embeddable":true,"href":"https:\/\/expleo.com\/global\/de\/wp-json\/wp\/v2\/users\/81"}],"replies":[{"embeddable":true,"href":"https:\/\/expleo.com\/global\/de\/wp-json\/wp\/v2\/comments?post=24595"}],"version-history":[{"count":0,"href":"https:\/\/expleo.com\/global\/de\/wp-json\/wp\/v2\/pages\/24595\/revisions"}],"up":[{"embeddable":true,"href":"https:\/\/expleo.com\/global\/de\/wp-json\/wp\/v2\/pages\/8222"}],"wp:featuredmedia":[{"embeddable":true,"href":"https:\/\/expleo.com\/global\/de\/wp-json\/wp\/v2\/media\/40552"}],"wp:attachment":[{"href":"https:\/\/expleo.com\/global\/de\/wp-json\/wp\/v2\/media?parent=24595"}],"wp:term":[{"taxonomy":"content-type","embeddable":true,"href":"https:\/\/expleo.com\/global\/de\/wp-json\/wp\/v2\/content-type?post=24595"}],"curies":[{"name":"wp","href":"https:\/\/api.w.org\/{rel}","templated":true}]}}