{"id":42787,"date":"2025-11-03T13:13:39","date_gmt":"2025-11-03T13:13:39","guid":{"rendered":"https:\/\/expleo.com\/global\/en\/?page_id=111748"},"modified":"2025-11-19T15:44:28","modified_gmt":"2025-11-19T15:44:28","slug":"speak-up-alert-platform","status":"publish","type":"page","link":"https:\/\/expleo.com\/global\/de\/speak-up-alert-platform\/","title":{"rendered":"Speak Up \u2013 Expleo\u2019s alert platform"},"content":{"rendered":"\t\t<div data-elementor-type=\"wp-page\" data-elementor-id=\"42787\" class=\"elementor elementor-42787\" data-elementor-post-type=\"page\">\n\t\t\t\t\t\t<section class=\"elementor-section elementor-top-section elementor-element elementor-element-18aed3d gg-simple-banner gg-container-small-pb-144 elementor-section-boxed elementor-section-height-default elementor-section-height-default\" data-id=\"18aed3d\" data-element_type=\"section\" data-e-type=\"section\">\n\t\t\t\t\t\t\t<div class=\"elementor-background-overlay\"><\/div>\n\t\t\t\t\t\t\t<div class=\"elementor-container elementor-column-gap-no\">\n\t\t\t\t\t<div class=\"elementor-column elementor-col-100 elementor-top-column elementor-element elementor-element-5886c0d1\" data-id=\"5886c0d1\" data-element_type=\"column\" data-e-type=\"column\">\n\t\t\t<div class=\"elementor-widget-wrap elementor-element-populated\">\n\t\t\t\t\t\t<div class=\"elementor-element elementor-element-38b28f6a elementor-widget elementor-widget-template\" data-id=\"38b28f6a\" data-element_type=\"widget\" data-e-type=\"widget\" data-widget_type=\"template.default\">\n\t\t\t\t<div class=\"elementor-widget-container\">\n\t\t\t\t\t\t\t<div class=\"elementor-template\">\n\t\t\t\t\t<div data-elementor-type=\"section\" data-elementor-id=\"2357\" class=\"elementor elementor-2357\" data-elementor-post-type=\"elementor_library\">\n\t\t\t\t\t<section class=\"elementor-section elementor-top-section elementor-element elementor-element-32d90ec6 gg-font-v11 gg-breadcrumbs gg-breadcrumbs-page elementor-section-full_width elementor-hidden-mobile elementor-section-height-default elementor-section-height-default\" data-id=\"32d90ec6\" data-element_type=\"section\" data-e-type=\"section\">\n\t\t\t\t\t\t<div class=\"elementor-container elementor-column-gap-no\">\n\t\t\t\t\t<div class=\"elementor-column elementor-col-100 elementor-top-column elementor-element elementor-element-b0f6d34 gg-breadcrumbs-column\" data-id=\"b0f6d34\" data-element_type=\"column\" data-e-type=\"column\">\n\t\t\t<div class=\"elementor-widget-wrap elementor-element-populated\">\n\t\t\t\t\t\t<div class=\"elementor-element elementor-element-425d9abe elementor-widget elementor-widget-breadcrumbs\" data-id=\"425d9abe\" data-element_type=\"widget\" data-e-type=\"widget\" data-switcher=\"false\" data-widget_type=\"breadcrumbs.default\">\n\t\t\t\t<div class=\"elementor-widget-container\">\n\t\t\t\t\t<p id=\"breadcrumbs\"><span><span><a href=\"https:\/\/expleo.com\/global\/de\/\">Home<\/a><\/span><\/span><\/p>\t\t\t\t<\/div>\n\t\t\t\t<\/div>\n\t\t\t\t\t<\/div>\n\t\t<\/div>\n\t\t\t\t\t<\/div>\n\t\t<\/section>\n\t\t\t\t<\/div>\n\t\t\t\t<\/div>\n\t\t\t\t\t\t<\/div>\n\t\t\t\t<\/div>\n\t\t\t\t<div class=\"elementor-element elementor-element-1c3d1c2c gg-simple-banner_title elementor-widget elementor-widget-heading\" data-id=\"1c3d1c2c\" data-element_type=\"widget\" data-e-type=\"widget\" data-widget_type=\"heading.default\">\n\t\t\t\t<div class=\"elementor-widget-container\">\n\t\t\t\t\t<h1 class=\"elementor-heading-title elementor-size-default\">Speak Up \u2013 Die Whistleblowing-Plattform von Expleo<\/h1>\t\t\t\t<\/div>\n\t\t\t\t<\/div>\n\t\t\t\t<div class=\"elementor-element elementor-element-492f55d elementor-widget elementor-widget-spacer\" data-id=\"492f55d\" data-element_type=\"widget\" data-e-type=\"widget\" data-widget_type=\"spacer.default\">\n\t\t\t\t<div class=\"elementor-widget-container\">\n\t\t\t\t\t\t\t<div class=\"elementor-spacer\">\n\t\t\t<div class=\"elementor-spacer-inner\"><\/div>\n\t\t<\/div>\n\t\t\t\t\t\t<\/div>\n\t\t\t\t<\/div>\n\t\t\t\t<div class=\"elementor-element elementor-element-5d88148 gg-font-v9 gg-class-for-iphone8 elementor-widget elementor-widget-text-editor\" data-id=\"5d88148\" data-element_type=\"widget\" data-e-type=\"widget\" data-widget_type=\"text-editor.default\">\n\t\t\t\t<div class=\"elementor-widget-container\">\n\t\t\t\t\t\t\t\t\t<p>Dieses Portal ist ein sicherer Meldekanal, der die Kommunikation zwischen dem Whistleblower (Verfasser der Meldung) und dem Compliance-Team erm\u00f6glicht.<\/p><p>Das Speak-Up-Portal ist rund um die Uhr verf\u00fcgbar (24\/7\/365) und gew\u00e4hrleistet Verschl\u00fcsselung sowie Vertraulichkeit der Daten.<\/p><p>Bevor Sie eine Meldung einreichen, nehmen Sie sich bitte Zeit, die Informationen in den folgenden Abschnitten zu lesen.<\/p>\t\t\t\t\t\t\t\t<\/div>\n\t\t\t\t<\/div>\n\t\t\t\t<div class=\"elementor-element elementor-element-1c50665 elementor-widget elementor-widget-spacer\" data-id=\"1c50665\" data-element_type=\"widget\" data-e-type=\"widget\" data-widget_type=\"spacer.default\">\n\t\t\t\t<div class=\"elementor-widget-container\">\n\t\t\t\t\t\t\t<div class=\"elementor-spacer\">\n\t\t\t<div class=\"elementor-spacer-inner\"><\/div>\n\t\t<\/div>\n\t\t\t\t\t\t<\/div>\n\t\t\t\t<\/div>\n\t\t\t\t<div class=\"elementor-element elementor-element-ae9adfb gg-button-v8 elementor-widget elementor-widget-button\" data-id=\"ae9adfb\" data-element_type=\"widget\" data-e-type=\"widget\" data-widget_type=\"button.default\">\n\t\t\t\t<div class=\"elementor-widget-container\">\n\t\t\t\t\t\t\t\t\t<div class=\"elementor-button-wrapper\">\n\t\t\t\t\t<a class=\"elementor-button elementor-button-link elementor-size-sm\" href=\"https:\/\/expleo.gan-compliance.com\/p\/SpeakUp?locale=en-US\" target=\"_blank\" id=\"gg-button-v8\">\n\t\t\t\t\t\t<span class=\"elementor-button-content-wrapper\">\n\t\t\t\t\t\t\t\t\t<span class=\"elementor-button-text\">Expleos Speak Up-Portal<\/span>\n\t\t\t\t\t<\/span>\n\t\t\t\t\t<\/a>\n\t\t\t\t<\/div>\n\t\t\t\t\t\t\t\t<\/div>\n\t\t\t\t<\/div>\n\t\t\t\t<div class=\"elementor-element elementor-element-da38908 elementor-widget elementor-widget-spacer\" data-id=\"da38908\" data-element_type=\"widget\" data-e-type=\"widget\" data-widget_type=\"spacer.default\">\n\t\t\t\t<div class=\"elementor-widget-container\">\n\t\t\t\t\t\t\t<div class=\"elementor-spacer\">\n\t\t\t<div class=\"elementor-spacer-inner\"><\/div>\n\t\t<\/div>\n\t\t\t\t\t\t<\/div>\n\t\t\t\t<\/div>\n\t\t\t\t\t<\/div>\n\t\t<\/div>\n\t\t\t\t\t<\/div>\n\t\t<\/section>\n\t\t\t\t<section class=\"elementor-section elementor-top-section elementor-element elementor-element-ee74d82 gg-container-large-ptb-96 gg-flip-box-accordion-v2 elementor-section-boxed elementor-section-height-default elementor-section-height-default\" data-id=\"ee74d82\" data-element_type=\"section\" data-e-type=\"section\" data-settings=\"{&quot;background_background&quot;:&quot;video&quot;}\">\n\t\t\t\t\t\t<div class=\"elementor-container elementor-column-gap-no\">\n\t\t\t\t\t<div class=\"elementor-column elementor-col-100 elementor-top-column elementor-element elementor-element-646def9\" data-id=\"646def9\" data-element_type=\"column\" data-e-type=\"column\">\n\t\t\t<div class=\"elementor-widget-wrap elementor-element-populated\">\n\t\t\t\t\t\t<div class=\"elementor-element elementor-element-eb52c9f elementor-widget elementor-widget-spacer\" data-id=\"eb52c9f\" data-element_type=\"widget\" data-e-type=\"widget\" data-widget_type=\"spacer.default\">\n\t\t\t\t<div class=\"elementor-widget-container\">\n\t\t\t\t\t\t\t<div class=\"elementor-spacer\">\n\t\t\t<div class=\"elementor-spacer-inner\"><\/div>\n\t\t<\/div>\n\t\t\t\t\t\t<\/div>\n\t\t\t\t<\/div>\n\t\t\t\t<div class=\"elementor-element elementor-element-75eeed5 gg-font-v8 gg-flip-accordion elementor-widget elementor-widget-jet-accordion\" data-id=\"75eeed5\" data-element_type=\"widget\" data-e-type=\"widget\" data-widget_type=\"jet-accordion.default\">\n\t\t\t\t<div class=\"elementor-widget-container\">\n\t\t\t\t\t\t\t\t\t<div class=\"jet-accordion\" data-settings=\"{&quot;collapsible&quot;:false,&quot;ajaxTemplate&quot;:false,&quot;switchScrolling&quot;:false,&quot;switchScrollingOffset&quot;:0,&quot;switchScrollingDelay&quot;:500}\">\n\t\t\t<div class=\"jet-accordion__inner\">\n\t\t\t\t<div class=\" jet-accordion__item jet-toggle jet-toggle-none-effect \">\n\t\t\t\t\t\t\t<div id=\"italy\" class=\"jet-toggle__control elementor-menu-anchor\" data-toggle=\"1\" role=\"button\" tabindex=\"0\" aria-controls=\"jet-toggle-content-1231\" aria-expanded=\"false\" data-template-id=\"false\">\n\t\t\t\t\t\t\t\t<div class=\"jet-toggle__label-text\">1. \u00ab Wie funktioniert das? \u00bb<\/div>\t\t\t\t\t\t\t<\/div>\n\t\t\t\t\t\t\t<div id=\"jet-toggle-content-1231\" class=\"jet-toggle__content\" data-toggle=\"1\" role=\"region\" data-template-id=\"false\">\n\t\t\t\t\t\t\t\t<div class=\"jet-toggle__content-inner\"><p>Schritt 1: <span class=\"gg-bold-text\">Meldung erstellen <br \/><\/span>Sobald Sie den Vorgang gestartet haben, k\u00f6nnen Sie Dateien hochladen, Ihre Meldung als Entwurf speichern, um sie sp\u00e4ter zu vervollst\u00e4ndigen, und sie einreichen, wenn Sie bereit sind. Um den Fortschritt Ihrer Meldung verfolgen zu k\u00f6nnen, generiert das <span class=\"gg-bold-text\">System eine Fall-ID und ein automatisch erstelltes Passwort<\/span>. Bitte bewahren Sie diese Informationen sorgf\u00e4ltig auf.<\/p><p>Schritt 2: <span class=\"gg-bold-text\">Sicherer Austausch<\/span> <br \/>Sobald Ihre Meldung eingereicht wurde, k\u00f6nnen Sie mit dem Compliance-Team von Expleo kommunizieren \u2013 anonym oder nicht anonym.<\/p><p>Schritt 3: <span class=\"gg-bold-text\">Fortschritt pr\u00fcfen <br \/><\/span>Sie k\u00f6nnen den Status Ihrer Meldung jederzeit \u00fcberpr\u00fcfen, indem Sie Ihre Fall-ID und Ihr Passwort eingeben und auf der Plattformseite \u201eZugang zur Meldung\u201c klicken. Es ist sehr wichtig, den Dialog fortzusetzen, da m\u00f6glicherweise zus\u00e4tzliche Informationen erforderlich sind, um die Meldung vollst\u00e4ndig zu bearbeiten.<\/p><\/div>\n\t\t\t\t\t\t\t<\/div>\n\t\t\t\t\t\t<\/div><div class=\" jet-accordion__item jet-toggle jet-toggle-none-effect \">\n\t\t\t\t\t\t\t<div id=\"southafrica\" class=\"jet-toggle__control elementor-menu-anchor\" data-toggle=\"2\" role=\"button\" tabindex=\"0\" aria-controls=\"jet-toggle-content-1232\" aria-expanded=\"false\" data-template-id=\"false\">\n\t\t\t\t\t\t\t\t<div class=\"jet-toggle__label-text\">2. \u00ab Was ist eine Meldung und wie wird sie erstellt? \u00bb<\/div>\t\t\t\t\t\t\t<\/div>\n\t\t\t\t\t\t\t<div id=\"jet-toggle-content-1232\" class=\"jet-toggle__content\" data-toggle=\"2\" role=\"region\" data-template-id=\"false\">\n\t\t\t\t\t\t\t\t<div class=\"jet-toggle__content-inner\"><p>Eine Meldung ist eine vertrauliche und sichere Mitteilung \u00fcber das Speak-Up-Portal. Jeder kann eine Meldung einreichen, indem er den vorgesehenen Fragebogen ausf\u00fcllt.<\/p><p>Wichtige Punkte f\u00fcr eine zul\u00e4ssige Meldung:<\/p><ul><li>Die Meldung muss gutgl\u00e4ubig erfolgen (ohne b\u00f6swillige Absicht). Vors\u00e4tzlich diffamierende Meldungen k\u00f6nnen zu Disziplinarma\u00dfnahmen f\u00fchren.<\/li><li>Die Meldung muss so sachlich und dokumentiert wie m\u00f6glich sein, damit das Compliance-Team die Situation verstehen und analysieren kann.<\/li><li>Die Meldung muss sich auf einen Versto\u00df gegen geltendes Recht beziehen (z.\u202fB. Verletzung der Menschenrechte, Gewalt, Bel\u00e4stigung, Korruption, wettbewerbswidrige Praktiken usw.) oder gegen interne Regeln (z.\u202fB. Betriebsordnung, Verhaltenskodex, Anti-Korruptionsrichtlinie usw.). F\u00fcr Fragen, die keinen Versto\u00df gegen das Gesetz oder die internen Regeln darstellen, k\u00f6nnen Sie sich an andere Stellen wenden (z.\u202fB. Personalabteilung (HR)).<\/li><\/ul><\/div>\n\t\t\t\t\t\t\t<\/div>\n\t\t\t\t\t\t<\/div><div class=\" jet-accordion__item jet-toggle jet-toggle-none-effect \">\n\t\t\t\t\t\t\t<div id=\"southafrica\" class=\"jet-toggle__control elementor-menu-anchor\" data-toggle=\"3\" role=\"button\" tabindex=\"0\" aria-controls=\"jet-toggle-content-1233\" aria-expanded=\"false\" data-template-id=\"false\">\n\t\t\t\t\t\t\t\t<div class=\"jet-toggle__label-text\">3. \u00ab Wer erh\u00e4lt Ihre Meldung? \u00bb<\/div>\t\t\t\t\t\t\t<\/div>\n\t\t\t\t\t\t\t<div id=\"jet-toggle-content-1233\" class=\"jet-toggle__content\" data-toggle=\"3\" role=\"region\" data-template-id=\"false\">\n\t\t\t\t\t\t\t\t<div class=\"jet-toggle__content-inner\"><p>Ihre Meldung wird vom Compliance-Team von Expleo entgegengenommen und gepr\u00fcft. Falls erforderlich, kann eine interne Untersuchung eingeleitet werden. Der Zugang zur Meldung ist ausschlie\u00dflich dem Compliance-Team und ggf. der f\u00fcr die Untersuchung benannten Person vorbehalten.<\/p><\/div>\n\t\t\t\t\t\t\t<\/div>\n\t\t\t\t\t\t<\/div><div class=\" jet-accordion__item jet-toggle jet-toggle-none-effect \">\n\t\t\t\t\t\t\t<div id=\"unitedkingdom\" class=\"jet-toggle__control elementor-menu-anchor\" data-toggle=\"4\" role=\"button\" tabindex=\"0\" aria-controls=\"jet-toggle-content-1234\" aria-expanded=\"false\" data-template-id=\"false\">\n\t\t\t\t\t\t\t\t<div class=\"jet-toggle__label-text\">4. \u00ab Unsere Kommunikation mit Ihnen \u00bb<\/div>\t\t\t\t\t\t\t<\/div>\n\t\t\t\t\t\t\t<div id=\"jet-toggle-content-1234\" class=\"jet-toggle__content\" data-toggle=\"4\" role=\"region\" data-template-id=\"false\">\n\t\t\t\t\t\t\t\t<div class=\"jet-toggle__content-inner\">Bewahren Sie Ihre Fall-ID und Ihr Passwort gut auf: Sie k\u00f6nnen sich erneut im Portal anmelden, um zu pr\u00fcfen, ob neue Informationen verf\u00fcgbar sind oder ob wir zus\u00e4tzliche Angaben ben\u00f6tigen. Sie k\u00f6nnen Ihre E-Mail-Adresse angeben, um Benachrichtigungen zu erhalten. Wenn Sie die Meldung anonym einreichen, beachten Sie bitte, dass<strong> nur Sie<\/strong> den Fortschritt und die Nachrichten des Compliance-Teams einsehen k\u00f6nnen, indem Sie sich regelm\u00e4\u00dfig <span class=\"gg-bold-text\"> mit Ihrer Fall-ID und Ihrem Passwort anmelden.<\/span><\/div>\n\t\t\t\t\t\t\t<\/div>\n\t\t\t\t\t\t<\/div>\t\t\t<\/div>\n\t\t<\/div>\n\t\t\t\t\t\t<\/div>\n\t\t\t\t<\/div>\n\t\t\t\t<div class=\"elementor-element elementor-element-febed47 elementor-widget elementor-widget-spacer\" data-id=\"febed47\" data-element_type=\"widget\" data-e-type=\"widget\" data-widget_type=\"spacer.default\">\n\t\t\t\t<div class=\"elementor-widget-container\">\n\t\t\t\t\t\t\t<div class=\"elementor-spacer\">\n\t\t\t<div class=\"elementor-spacer-inner\"><\/div>\n\t\t<\/div>\n\t\t\t\t\t\t<\/div>\n\t\t\t\t<\/div>\n\t\t\t\t<div class=\"elementor-element elementor-element-4039db6 elementor-align-center gg-button-v8 elementor-widget elementor-widget-button\" data-id=\"4039db6\" data-element_type=\"widget\" data-e-type=\"widget\" data-widget_type=\"button.default\">\n\t\t\t\t<div class=\"elementor-widget-container\">\n\t\t\t\t\t\t\t\t\t<div class=\"elementor-button-wrapper\">\n\t\t\t\t\t<a class=\"elementor-button elementor-button-link elementor-size-sm\" href=\"https:\/\/expleo.gan-compliance.com\/p\/SpeakUp?locale=en-US\" target=\"_blank\" id=\"gg-button-v8\">\n\t\t\t\t\t\t<span class=\"elementor-button-content-wrapper\">\n\t\t\t\t\t\t\t\t\t<span class=\"elementor-button-text\">Expleos Speak Up-portal<\/span>\n\t\t\t\t\t<\/span>\n\t\t\t\t\t<\/a>\n\t\t\t\t<\/div>\n\t\t\t\t\t\t\t\t<\/div>\n\t\t\t\t<\/div>\n\t\t\t\t<div class=\"elementor-element elementor-element-0b05f8a elementor-widget elementor-widget-spacer\" data-id=\"0b05f8a\" data-element_type=\"widget\" data-e-type=\"widget\" data-widget_type=\"spacer.default\">\n\t\t\t\t<div class=\"elementor-widget-container\">\n\t\t\t\t\t\t\t<div class=\"elementor-spacer\">\n\t\t\t<div class=\"elementor-spacer-inner\"><\/div>\n\t\t<\/div>\n\t\t\t\t\t\t<\/div>\n\t\t\t\t<\/div>\n\t\t\t\t\t<\/div>\n\t\t<\/div>\n\t\t\t\t\t<\/div>\n\t\t<\/section>\n\t\t\t\t<\/div>\n\t\t","protected":false},"excerpt":{"rendered":"<p>Speak Up \u2013 Die Whistleblowing-Plattform von Expleo Dieses Portal ist ein sicherer Meldekanal, der die Kommunikation zwischen dem Whistleblower (Verfasser der Meldung) und dem Compliance-Team erm\u00f6glicht. Das Speak-Up-Portal ist rund um die Uhr verf\u00fcgbar (24\/7\/365) und gew\u00e4hrleistet Verschl\u00fcsselung sowie Vertraulichkeit der Daten. Bevor Sie eine Meldung einreichen, nehmen Sie sich bitte Zeit, die Informationen in [&hellip;]<\/p>\n","protected":false},"author":81,"featured_media":0,"parent":0,"menu_order":0,"comment_status":"closed","ping_status":"closed","template":"","meta":{"_oasis_is_in_workflow":0,"_oasis_original":0,"_oasis_task_priority":"","footnotes":""},"content-type":[],"class_list":["post-42787","page","type-page","status-publish","hentry"],"yoast_head":"<!-- This site is optimized with the Yoast SEO Premium plugin v27.0 (Yoast SEO v27.3) - https:\/\/yoast.com\/product\/yoast-seo-premium-wordpress\/ -->\n<title>Expleo | Speak Up-Portal<\/title>\n<meta name=\"description\" content=\"Das Speak-Up-Portal ist rund um die Uhr verf\u00fcgbar (24\/7\/365) und gew\u00e4hrleistet Verschl\u00fcsselung sowie Vertraulichkeit der Daten.\" \/>\n<meta name=\"robots\" content=\"index, follow, max-snippet:-1, max-image-preview:large, max-video-preview:-1\" \/>\n<link rel=\"canonical\" href=\"https:\/\/expleo.com\/global\/de\/speak-up-alert-platform\/\" \/>\n<meta property=\"og:locale\" content=\"de_DE\" \/>\n<meta property=\"og:type\" content=\"article\" \/>\n<meta property=\"og:title\" content=\"Speak Up \u2013 Expleo\u2019s alert platform\" \/>\n<meta property=\"og:description\" content=\"Das Speak-Up-Portal ist rund um die Uhr verf\u00fcgbar (24\/7\/365) und gew\u00e4hrleistet Verschl\u00fcsselung sowie Vertraulichkeit der Daten.\" \/>\n<meta property=\"og:url\" content=\"https:\/\/expleo.com\/global\/de\/speak-up-alert-platform\/\" \/>\n<meta property=\"og:site_name\" content=\"Global DE\" \/>\n<meta property=\"article:modified_time\" content=\"2025-11-19T15:44:28+00:00\" \/>\n<meta name=\"twitter:card\" content=\"summary_large_image\" \/>\n<meta name=\"twitter:label1\" content=\"Est. reading time\" \/>\n\t<meta name=\"twitter:data1\" content=\"3 minutes\" \/>\n<script type=\"application\/ld+json\" class=\"yoast-schema-graph\">{\"@context\":\"https:\\\/\\\/schema.org\",\"@graph\":[{\"@type\":\"WebPage\",\"@id\":\"https:\\\/\\\/expleo.com\\\/global\\\/de\\\/speak-up-alert-platform\\\/\",\"url\":\"https:\\\/\\\/expleo.com\\\/global\\\/de\\\/speak-up-alert-platform\\\/\",\"name\":\"Expleo | Speak Up-Portal\",\"isPartOf\":{\"@id\":\"https:\\\/\\\/expleo.com\\\/global\\\/de\\\/#website\"},\"datePublished\":\"2025-11-03T13:13:39+00:00\",\"dateModified\":\"2025-11-19T15:44:28+00:00\",\"description\":\"Das Speak-Up-Portal ist rund um die Uhr verf\u00fcgbar (24\\\/7\\\/365) und gew\u00e4hrleistet Verschl\u00fcsselung sowie Vertraulichkeit der Daten.\",\"breadcrumb\":{\"@id\":\"https:\\\/\\\/expleo.com\\\/global\\\/de\\\/speak-up-alert-platform\\\/#breadcrumb\"},\"inLanguage\":\"de-DE\",\"potentialAction\":[{\"@type\":\"ReadAction\",\"target\":[\"https:\\\/\\\/expleo.com\\\/global\\\/de\\\/speak-up-alert-platform\\\/\"]}]},{\"@type\":\"BreadcrumbList\",\"@id\":\"https:\\\/\\\/expleo.com\\\/global\\\/de\\\/speak-up-alert-platform\\\/#breadcrumb\",\"itemListElement\":[{\"@type\":\"ListItem\",\"position\":1,\"name\":\"Home\",\"item\":\"https:\\\/\\\/expleo.com\\\/global\\\/de\\\/\"},{\"@type\":\"ListItem\",\"position\":2,\"name\":\"Speak Up \u2013 Expleo\u2019s alert platform\"}]},{\"@type\":\"WebSite\",\"@id\":\"https:\\\/\\\/expleo.com\\\/global\\\/de\\\/#website\",\"url\":\"https:\\\/\\\/expleo.com\\\/global\\\/de\\\/\",\"name\":\"Expleo | DE\",\"description\":\"Expleo\",\"publisher\":{\"@id\":\"https:\\\/\\\/expleo.com\\\/global\\\/de\\\/#organization\"},\"potentialAction\":[{\"@type\":\"SearchAction\",\"target\":{\"@type\":\"EntryPoint\",\"urlTemplate\":\"https:\\\/\\\/expleo.com\\\/global\\\/de\\\/?s={search_term_string}\"},\"query-input\":{\"@type\":\"PropertyValueSpecification\",\"valueRequired\":true,\"valueName\":\"search_term_string\"}}],\"inLanguage\":\"de-DE\"},{\"@type\":\"Organization\",\"@id\":\"https:\\\/\\\/expleo.com\\\/global\\\/de\\\/#organization\",\"name\":\"Expleo | DE\",\"url\":\"https:\\\/\\\/expleo.com\\\/global\\\/de\\\/\",\"logo\":{\"@type\":\"ImageObject\",\"inLanguage\":\"de-DE\",\"@id\":\"https:\\\/\\\/expleo.com\\\/global\\\/de\\\/#\\\/schema\\\/logo\\\/image\\\/\",\"url\":\"https:\\\/\\\/expleo.com\\\/global\\\/de\\\/wp-content\\\/uploads\\\/2019\\\/02\\\/expleo-logo-and-tagline.png\",\"contentUrl\":\"https:\\\/\\\/expleo.com\\\/global\\\/de\\\/wp-content\\\/uploads\\\/2019\\\/02\\\/expleo-logo-and-tagline.png\",\"width\":1600,\"height\":774,\"caption\":\"Expleo | DE\"},\"image\":{\"@id\":\"https:\\\/\\\/expleo.com\\\/global\\\/de\\\/#\\\/schema\\\/logo\\\/image\\\/\"}}]}<\/script>\n<!-- \/ Yoast SEO Premium plugin. -->","yoast_head_json":{"title":"Expleo | Speak Up-Portal","description":"Das Speak-Up-Portal ist rund um die Uhr verf\u00fcgbar (24\/7\/365) und gew\u00e4hrleistet Verschl\u00fcsselung sowie Vertraulichkeit der Daten.","robots":{"index":"index","follow":"follow","max-snippet":"max-snippet:-1","max-image-preview":"max-image-preview:large","max-video-preview":"max-video-preview:-1"},"canonical":"https:\/\/expleo.com\/global\/de\/speak-up-alert-platform\/","og_locale":"de_DE","og_type":"article","og_title":"Speak Up \u2013 Expleo\u2019s alert platform","og_description":"Das Speak-Up-Portal ist rund um die Uhr verf\u00fcgbar (24\/7\/365) und gew\u00e4hrleistet Verschl\u00fcsselung sowie Vertraulichkeit der Daten.","og_url":"https:\/\/expleo.com\/global\/de\/speak-up-alert-platform\/","og_site_name":"Global DE","article_modified_time":"2025-11-19T15:44:28+00:00","twitter_card":"summary_large_image","twitter_misc":{"Est. reading time":"3 minutes"},"schema":{"@context":"https:\/\/schema.org","@graph":[{"@type":"WebPage","@id":"https:\/\/expleo.com\/global\/de\/speak-up-alert-platform\/","url":"https:\/\/expleo.com\/global\/de\/speak-up-alert-platform\/","name":"Expleo | Speak Up-Portal","isPartOf":{"@id":"https:\/\/expleo.com\/global\/de\/#website"},"datePublished":"2025-11-03T13:13:39+00:00","dateModified":"2025-11-19T15:44:28+00:00","description":"Das Speak-Up-Portal ist rund um die Uhr verf\u00fcgbar (24\/7\/365) und gew\u00e4hrleistet Verschl\u00fcsselung sowie Vertraulichkeit der Daten.","breadcrumb":{"@id":"https:\/\/expleo.com\/global\/de\/speak-up-alert-platform\/#breadcrumb"},"inLanguage":"de-DE","potentialAction":[{"@type":"ReadAction","target":["https:\/\/expleo.com\/global\/de\/speak-up-alert-platform\/"]}]},{"@type":"BreadcrumbList","@id":"https:\/\/expleo.com\/global\/de\/speak-up-alert-platform\/#breadcrumb","itemListElement":[{"@type":"ListItem","position":1,"name":"Home","item":"https:\/\/expleo.com\/global\/de\/"},{"@type":"ListItem","position":2,"name":"Speak Up \u2013 Expleo\u2019s alert platform"}]},{"@type":"WebSite","@id":"https:\/\/expleo.com\/global\/de\/#website","url":"https:\/\/expleo.com\/global\/de\/","name":"Expleo | DE","description":"Expleo","publisher":{"@id":"https:\/\/expleo.com\/global\/de\/#organization"},"potentialAction":[{"@type":"SearchAction","target":{"@type":"EntryPoint","urlTemplate":"https:\/\/expleo.com\/global\/de\/?s={search_term_string}"},"query-input":{"@type":"PropertyValueSpecification","valueRequired":true,"valueName":"search_term_string"}}],"inLanguage":"de-DE"},{"@type":"Organization","@id":"https:\/\/expleo.com\/global\/de\/#organization","name":"Expleo | DE","url":"https:\/\/expleo.com\/global\/de\/","logo":{"@type":"ImageObject","inLanguage":"de-DE","@id":"https:\/\/expleo.com\/global\/de\/#\/schema\/logo\/image\/","url":"https:\/\/expleo.com\/global\/de\/wp-content\/uploads\/2019\/02\/expleo-logo-and-tagline.png","contentUrl":"https:\/\/expleo.com\/global\/de\/wp-content\/uploads\/2019\/02\/expleo-logo-and-tagline.png","width":1600,"height":774,"caption":"Expleo | DE"},"image":{"@id":"https:\/\/expleo.com\/global\/de\/#\/schema\/logo\/image\/"}}]}},"hreflang":{"rendered":"<link rel=\"alternate\" href=\"https:\/\/expleo.com\/global\/en\/speak-up-alert-platform\/\" hreflang=\"x-default\"\/>\n<link rel=\"alternate\" href=\"https:\/\/expleo.com\/global\/en\/speak-up-alert-platform\/\" hreflang=\"en\"\/>\n<link rel=\"alternate\" href=\"https:\/\/expleo.com\/global\/fr\/speak-up-alert-platform\/\" hreflang=\"fr\"\/>\n<link rel=\"alternate\" href=\"https:\/\/expleo.com\/global\/de\/speak-up-alert-platform\/\" hreflang=\"de\"\/>\n","structure":[{"blogId":4,"blogIsHidden":false,"postId":111748,"url":"https:\/\/expleo.com\/global\/en\/speak-up-alert-platform\/","language":"en","default":true},{"blogId":5,"blogIsHidden":false,"postId":49897,"url":"https:\/\/expleo.com\/global\/fr\/speak-up-alert-platform\/","language":"fr","default":false},{"blogId":6,"blogIsHidden":false,"postId":42787,"url":"https:\/\/expleo.com\/global\/de\/speak-up-alert-platform\/","language":"de","default":false}]},"_links":{"self":[{"href":"https:\/\/expleo.com\/global\/de\/wp-json\/wp\/v2\/pages\/42787","targetHints":{"allow":["GET"]}}],"collection":[{"href":"https:\/\/expleo.com\/global\/de\/wp-json\/wp\/v2\/pages"}],"about":[{"href":"https:\/\/expleo.com\/global\/de\/wp-json\/wp\/v2\/types\/page"}],"author":[{"embeddable":true,"href":"https:\/\/expleo.com\/global\/de\/wp-json\/wp\/v2\/users\/81"}],"replies":[{"embeddable":true,"href":"https:\/\/expleo.com\/global\/de\/wp-json\/wp\/v2\/comments?post=42787"}],"version-history":[{"count":10,"href":"https:\/\/expleo.com\/global\/de\/wp-json\/wp\/v2\/pages\/42787\/revisions"}],"predecessor-version":[{"id":42801,"href":"https:\/\/expleo.com\/global\/de\/wp-json\/wp\/v2\/pages\/42787\/revisions\/42801"}],"wp:attachment":[{"href":"https:\/\/expleo.com\/global\/de\/wp-json\/wp\/v2\/media?parent=42787"}],"wp:term":[{"taxonomy":"content-type","embeddable":true,"href":"https:\/\/expleo.com\/global\/de\/wp-json\/wp\/v2\/content-type?post=42787"}],"curies":[{"name":"wp","href":"https:\/\/api.w.org\/{rel}","templated":true}]}}