{"id":49897,"date":"2025-11-03T13:13:39","date_gmt":"2025-11-03T13:13:39","guid":{"rendered":"https:\/\/expleo.com\/global\/en\/?page_id=111748"},"modified":"2025-11-19T15:43:38","modified_gmt":"2025-11-19T15:43:38","slug":"speak-up-alert-platform","status":"publish","type":"page","link":"https:\/\/expleo.com\/global\/fr\/speak-up-alert-platform\/","title":{"rendered":"Speak Up \u2013 Expleo\u2019s alert platform"},"content":{"rendered":"\t\t<div data-elementor-type=\"wp-page\" data-elementor-id=\"49897\" class=\"elementor elementor-49897\" data-elementor-post-type=\"page\">\n\t\t\t\t\t\t<section class=\"elementor-section elementor-top-section elementor-element elementor-element-18aed3d gg-simple-banner gg-container-small-pb-144 elementor-section-boxed elementor-section-height-default elementor-section-height-default\" data-id=\"18aed3d\" data-element_type=\"section\" data-e-type=\"section\">\n\t\t\t\t\t\t\t<div class=\"elementor-background-overlay\"><\/div>\n\t\t\t\t\t\t\t<div class=\"elementor-container elementor-column-gap-no\">\n\t\t\t\t\t<div class=\"elementor-column elementor-col-100 elementor-top-column elementor-element elementor-element-5886c0d1\" data-id=\"5886c0d1\" data-element_type=\"column\" data-e-type=\"column\">\n\t\t\t<div class=\"elementor-widget-wrap elementor-element-populated\">\n\t\t\t\t\t\t<div class=\"elementor-element elementor-element-38b28f6a elementor-widget elementor-widget-template\" data-id=\"38b28f6a\" data-element_type=\"widget\" data-e-type=\"widget\" data-widget_type=\"template.default\">\n\t\t\t\t<div class=\"elementor-widget-container\">\n\t\t\t\t\t\t\t<div class=\"elementor-template\">\n\t\t\t\t\t<div data-elementor-type=\"section\" data-elementor-id=\"2396\" class=\"elementor elementor-2396\" data-elementor-post-type=\"elementor_library\">\n\t\t\t\t\t<section class=\"elementor-section elementor-top-section elementor-element elementor-element-32d90ec6 gg-font-v11 gg-breadcrumbs gg-breadcrumbs-page elementor-section-full_width elementor-hidden-mobile elementor-section-height-default elementor-section-height-default\" data-id=\"32d90ec6\" data-element_type=\"section\" data-e-type=\"section\">\n\t\t\t\t\t\t<div class=\"elementor-container elementor-column-gap-no\">\n\t\t\t\t\t<div class=\"elementor-column elementor-col-100 elementor-top-column elementor-element elementor-element-b0f6d34 gg-breadcrumbs-column\" data-id=\"b0f6d34\" data-element_type=\"column\" data-e-type=\"column\">\n\t\t\t<div class=\"elementor-widget-wrap elementor-element-populated\">\n\t\t\t\t\t\t<div class=\"elementor-element elementor-element-425d9abe elementor-widget elementor-widget-breadcrumbs\" data-id=\"425d9abe\" data-element_type=\"widget\" data-e-type=\"widget\" data-switcher=\"false\" data-widget_type=\"breadcrumbs.default\">\n\t\t\t\t<div class=\"elementor-widget-container\">\n\t\t\t\t\t<p id=\"breadcrumbs\"><span><span><a href=\"https:\/\/expleo.com\/global\/fr\/\">Home<\/a><\/span><\/span><\/p>\t\t\t\t<\/div>\n\t\t\t\t<\/div>\n\t\t\t\t\t<\/div>\n\t\t<\/div>\n\t\t\t\t\t<\/div>\n\t\t<\/section>\n\t\t\t\t<\/div>\n\t\t\t\t<\/div>\n\t\t\t\t\t\t<\/div>\n\t\t\t\t<\/div>\n\t\t\t\t<div class=\"elementor-element elementor-element-1c3d1c2c gg-simple-banner_title elementor-widget elementor-widget-heading\" data-id=\"1c3d1c2c\" data-element_type=\"widget\" data-e-type=\"widget\" data-widget_type=\"heading.default\">\n\t\t\t\t<div class=\"elementor-widget-container\">\n\t\t\t\t\t<h1 class=\"elementor-heading-title elementor-size-default\">Speak Up \u2013 La plateforme d'alerte d'Expleo <\/h1>\t\t\t\t<\/div>\n\t\t\t\t<\/div>\n\t\t\t\t<div class=\"elementor-element elementor-element-492f55d elementor-widget elementor-widget-spacer\" data-id=\"492f55d\" data-element_type=\"widget\" data-e-type=\"widget\" data-widget_type=\"spacer.default\">\n\t\t\t\t<div class=\"elementor-widget-container\">\n\t\t\t\t\t\t\t<div class=\"elementor-spacer\">\n\t\t\t<div class=\"elementor-spacer-inner\"><\/div>\n\t\t<\/div>\n\t\t\t\t\t\t<\/div>\n\t\t\t\t<\/div>\n\t\t\t\t<div class=\"elementor-element elementor-element-5d88148 gg-font-v9 gg-class-for-iphone8 elementor-widget elementor-widget-text-editor\" data-id=\"5d88148\" data-element_type=\"widget\" data-e-type=\"widget\" data-widget_type=\"text-editor.default\">\n\t\t\t\t<div class=\"elementor-widget-container\">\n\t\t\t\t\t\t\t\t\t<p>Cette plateforme est un syst\u00e8me de messagerie qui met en relation de mani\u00e8re s\u00e9curis\u00e9e l&#8217;auteur d&#8217;un signalement et un gestionnaire de cas.\u00a0\u00a0<\/p><p>Ce portail s\u00e9curis\u00e9 est d\u00e9di\u00e9 au signalement et fonctionne 24 heures sur 24, 7 jours sur 7, 365 jours par an.\u00a0\u00a0<\/p><p>Il\u00a0garantit le cryptage et la confidentialit\u00e9 des donn\u00e9es trait\u00e9es.\u00a0<\/p><p>Avant de soumettre un signalement, veuillez prendre le temps de lire les\u00a0informations contenues dans les onglets ci-dessous.\u00a0<\/p>\t\t\t\t\t\t\t\t<\/div>\n\t\t\t\t<\/div>\n\t\t\t\t<div class=\"elementor-element elementor-element-1c50665 elementor-widget elementor-widget-spacer\" data-id=\"1c50665\" data-element_type=\"widget\" data-e-type=\"widget\" data-widget_type=\"spacer.default\">\n\t\t\t\t<div class=\"elementor-widget-container\">\n\t\t\t\t\t\t\t<div class=\"elementor-spacer\">\n\t\t\t<div class=\"elementor-spacer-inner\"><\/div>\n\t\t<\/div>\n\t\t\t\t\t\t<\/div>\n\t\t\t\t<\/div>\n\t\t\t\t<div class=\"elementor-element elementor-element-ae9adfb gg-button-v8 elementor-widget elementor-widget-button\" data-id=\"ae9adfb\" data-element_type=\"widget\" data-e-type=\"widget\" data-widget_type=\"button.default\">\n\t\t\t\t<div class=\"elementor-widget-container\">\n\t\t\t\t\t\t\t\t\t<div class=\"elementor-button-wrapper\">\n\t\t\t\t\t<a class=\"elementor-button elementor-button-link elementor-size-sm\" href=\"https:\/\/expleo.gan-compliance.com\/p\/SpeakUp?locale=en-US\" target=\"_blank\" id=\"gg-button-v8\">\n\t\t\t\t\t\t<span class=\"elementor-button-content-wrapper\">\n\t\t\t\t\t\t\t\t\t<span class=\"elementor-button-text\">Portail Expleo Speak-up<\/span>\n\t\t\t\t\t<\/span>\n\t\t\t\t\t<\/a>\n\t\t\t\t<\/div>\n\t\t\t\t\t\t\t\t<\/div>\n\t\t\t\t<\/div>\n\t\t\t\t<div class=\"elementor-element elementor-element-da38908 elementor-widget elementor-widget-spacer\" data-id=\"da38908\" data-element_type=\"widget\" data-e-type=\"widget\" data-widget_type=\"spacer.default\">\n\t\t\t\t<div class=\"elementor-widget-container\">\n\t\t\t\t\t\t\t<div class=\"elementor-spacer\">\n\t\t\t<div class=\"elementor-spacer-inner\"><\/div>\n\t\t<\/div>\n\t\t\t\t\t\t<\/div>\n\t\t\t\t<\/div>\n\t\t\t\t\t<\/div>\n\t\t<\/div>\n\t\t\t\t\t<\/div>\n\t\t<\/section>\n\t\t\t\t<section class=\"elementor-section elementor-top-section elementor-element elementor-element-ee74d82 gg-container-large-ptb-96 gg-flip-box-accordion-v2 elementor-section-boxed elementor-section-height-default elementor-section-height-default\" data-id=\"ee74d82\" data-element_type=\"section\" data-e-type=\"section\" data-settings=\"{&quot;background_background&quot;:&quot;video&quot;}\">\n\t\t\t\t\t\t<div class=\"elementor-container elementor-column-gap-no\">\n\t\t\t\t\t<div class=\"elementor-column elementor-col-100 elementor-top-column elementor-element elementor-element-646def9\" data-id=\"646def9\" data-element_type=\"column\" data-e-type=\"column\">\n\t\t\t<div class=\"elementor-widget-wrap elementor-element-populated\">\n\t\t\t\t\t\t<div class=\"elementor-element elementor-element-eb52c9f elementor-widget elementor-widget-spacer\" data-id=\"eb52c9f\" data-element_type=\"widget\" data-e-type=\"widget\" data-widget_type=\"spacer.default\">\n\t\t\t\t<div class=\"elementor-widget-container\">\n\t\t\t\t\t\t\t<div class=\"elementor-spacer\">\n\t\t\t<div class=\"elementor-spacer-inner\"><\/div>\n\t\t<\/div>\n\t\t\t\t\t\t<\/div>\n\t\t\t\t<\/div>\n\t\t\t\t<div class=\"elementor-element elementor-element-75eeed5 gg-font-v8 gg-flip-accordion elementor-widget elementor-widget-jet-accordion\" data-id=\"75eeed5\" data-element_type=\"widget\" data-e-type=\"widget\" data-widget_type=\"jet-accordion.default\">\n\t\t\t\t<div class=\"elementor-widget-container\">\n\t\t\t\t\t\t\t\t\t<div class=\"jet-accordion\" data-settings=\"{&quot;collapsible&quot;:false,&quot;ajaxTemplate&quot;:false,&quot;switchScrolling&quot;:false,&quot;switchScrollingOffset&quot;:0,&quot;switchScrollingDelay&quot;:500}\">\n\t\t\t<div class=\"jet-accordion__inner\">\n\t\t\t\t<div class=\" jet-accordion__item jet-toggle jet-toggle-none-effect \">\n\t\t\t\t\t\t\t<div id=\"italy\" class=\"jet-toggle__control elementor-menu-anchor\" data-toggle=\"1\" role=\"button\" tabindex=\"0\" aria-controls=\"jet-toggle-content-1231\" aria-expanded=\"false\" data-template-id=\"false\">\n\t\t\t\t\t\t\t\t<div class=\"jet-toggle__label-text\">1\/ Comment \u00e7a marche ? <\/div>\t\t\t\t\t\t\t<\/div>\n\t\t\t\t\t\t\t<div id=\"jet-toggle-content-1231\" class=\"jet-toggle__content\" data-toggle=\"1\" role=\"region\" data-template-id=\"false\">\n\t\t\t\t\t\t\t\t<div class=\"jet-toggle__content-inner\"><p>\u00c9tape 1 : <strong>Remplissez votre rapport<\/strong><\/p><p>Une fois que vous avez commenc\u00e9 la d\u00e9marche, vous pouvez t\u00e9l\u00e9charger des fichiers, enregistrer votre rapport comme brouillon pour le compl\u00e9ter plus tard et le soumettre lorsque vous \u00eates pr\u00eat.<\/p><p>Afin de pouvoir assurer le suivi de votre dossier et vous tenir inform\u00e9 de son \u00e9tat d&#8217;avancement, le syst\u00e8me g\u00e9n\u00e9rera un num\u00e9ro de dossier et un mot de passe automatique. Veillez \u00e0 conserver pr\u00e9cieusement ces informations.<\/p><p>\u00c9tape 2 : <strong>Discutez en toute s\u00e9curit\u00e9<\/strong><\/p><p>D\u00e8s que votre rapport est soumis, vous pouvez commencer \u00e0 discuter avec l&#8217;\u00e9quipe Conformit\u00e9 d&#8217;Expleo, que vous ayez choisi de le faire de mani\u00e8re anonyme ou non.<\/p><p>\u00c9tape 3 : <strong>V\u00e9rifiez l&#8217;\u00e9tat d&#8217;avancement de votre signalement<\/strong><\/p><p>Vous pouvez ensuite v\u00e9rifier l&#8217;\u00e9tat d&#8217;avancement de votre alerte \u00e0 tout moment, en entrant votre identifiant et mot de passe et en cliquant sur \u00ab Acc\u00e9der \u00e0 une alerte \u00bb sur la page de la plateforme.<\/p><p>Il est tr\u00e8s important de pouvoir poursuivre le dialogue, car des informations suppl\u00e9mentaires pourraient \u00eatre n\u00e9cessaires pour r\u00e9soudre compl\u00e8tement le signalement.<\/p><\/div>\n\t\t\t\t\t\t\t<\/div>\n\t\t\t\t\t\t<\/div><div class=\" jet-accordion__item jet-toggle jet-toggle-none-effect \">\n\t\t\t\t\t\t\t<div id=\"southafrica\" class=\"jet-toggle__control elementor-menu-anchor\" data-toggle=\"2\" role=\"button\" tabindex=\"0\" aria-controls=\"jet-toggle-content-1232\" aria-expanded=\"false\" data-template-id=\"false\">\n\t\t\t\t\t\t\t\t<div class=\"jet-toggle__label-text\">2\/ Qu'est-ce qu'une alerte et comment la r\u00e9diger ?<\/div>\t\t\t\t\t\t\t<\/div>\n\t\t\t\t\t\t\t<div id=\"jet-toggle-content-1232\" class=\"jet-toggle__content\" data-toggle=\"2\" role=\"region\" data-template-id=\"false\">\n\t\t\t\t\t\t\t\t<div class=\"jet-toggle__content-inner\"><p>Une alerte est un ensemble d&#8217;informations transmises de mani\u00e8re confidentielle et s\u00e9curis\u00e9e. Tout le monde peut soumettre une alerte en remplissant un questionnaire.<\/p><p>Il y a quelques points \u00e0 garder \u00e0 l&#8217;esprit lors de la r\u00e9daction d&#8217;une alerte, afin de s&#8217;assurer qu&#8217;elle soit recevable :<\/p><p>Tout signalement doit \u00eatre fait de bonne foi (sans intention malveillante). Les signalements intentionnellement diffamatoires seront sanctionn\u00e9s ;<\/p><p>Le signalement doit \u00eatre aussi factuel que possible, afin que le gestionnaire de cas puisse comprendre et analyser la situation, et pr\u00e9parer le premier \u00e9change avec vous ;<\/p><p>Le signalement doit concerner une violation de la loi (violation des droits de l&#8217;homme, violence, harc\u00e8lement, corruption, pratiques anticoncurrentielles, etc.) ou des r\u00e8gles internes (r\u00e8glement int\u00e9rieur, code de conduite, code de conduite anti-corruption, etc.). Pour toute question qui ne constitue pas une violation de la loi ou des r\u00e8gles internes, vous pouvez contacter d&#8217;autres services (responsable des ressources humaines, etc.).<\/p><\/div>\n\t\t\t\t\t\t\t<\/div>\n\t\t\t\t\t\t<\/div><div class=\" jet-accordion__item jet-toggle jet-toggle-none-effect \">\n\t\t\t\t\t\t\t<div id=\"southafrica\" class=\"jet-toggle__control elementor-menu-anchor\" data-toggle=\"3\" role=\"button\" tabindex=\"0\" aria-controls=\"jet-toggle-content-1233\" aria-expanded=\"false\" data-template-id=\"false\">\n\t\t\t\t\t\t\t\t<div class=\"jet-toggle__label-text\">3\/ Qui recevra votre signalement ?<\/div>\t\t\t\t\t\t\t<\/div>\n\t\t\t\t\t\t\t<div id=\"jet-toggle-content-1233\" class=\"jet-toggle__content\" data-toggle=\"3\" role=\"region\" data-template-id=\"false\">\n\t\t\t\t\t\t\t\t<div class=\"jet-toggle__content-inner\"><p>Votre signalement sera re\u00e7u par un membre de l&#8217;\u00e9quipe Conformit\u00e9 d&#8217;Expleo qui analysera les faits remont\u00e9s. Si n\u00e9cessaire, une enqu\u00eate pourra \u00eatre ouverte.<\/p><p>L&#8217;acc\u00e8s \u00e0 ce signalement est r\u00e9serv\u00e9 \u00e0 l&#8217;\u00e9quipe Conformit\u00e9 et \u00e0 la personne charg\u00e9e de l&#8217;enqu\u00eate interne, le cas \u00e9ch\u00e9ant, d\u00e9sign\u00e9e par l&#8217;\u00e9quipe Conformit\u00e9.<\/p><\/div>\n\t\t\t\t\t\t\t<\/div>\n\t\t\t\t\t\t<\/div><div class=\" jet-accordion__item jet-toggle jet-toggle-none-effect \">\n\t\t\t\t\t\t\t<div id=\"unitedkingdom\" class=\"jet-toggle__control elementor-menu-anchor\" data-toggle=\"4\" role=\"button\" tabindex=\"0\" aria-controls=\"jet-toggle-content-1234\" aria-expanded=\"false\" data-template-id=\"false\">\n\t\t\t\t\t\t\t\t<div class=\"jet-toggle__label-text\">4\/ Nos \u00e9changes avec vous<\/div>\t\t\t\t\t\t\t<\/div>\n\t\t\t\t\t\t\t<div id=\"jet-toggle-content-1234\" class=\"jet-toggle__content\" data-toggle=\"4\" role=\"region\" data-template-id=\"false\">\n\t\t\t\t\t\t\t\t<div class=\"jet-toggle__content-inner\"><p>Conservez bien votre identifiant et votre mot de passe : vous pourrez vous reconnecter \u00e0 la plateforme afin de v\u00e9rifier si de nouvelles informations sont disponibles ou si nous avons besoin d&#8217;\u00e9l\u00e9ments suppl\u00e9mentaires pour traiter votre demande.<\/p><p>Vous pourrez indiquer votre adresse e-mail si vous le souhaitez. Cela vous permettra de recevoir des notifications chaque fois qu&#8217;il y aura du nouveau concernant votre signalement.<\/p><p>Si vous soumettez cette alerte de mani\u00e8re anonyme, veuillez noter que vous seul pourrez consulter l&#8217;avancement du dossier et les messages laiss\u00e9s par l&#8217;\u00e9quipe de conformit\u00e9 en vous connectant r\u00e9guli\u00e8rement avec votre identifiant et votre mot de passe.<\/p><\/div>\n\t\t\t\t\t\t\t<\/div>\n\t\t\t\t\t\t<\/div>\t\t\t<\/div>\n\t\t<\/div>\n\t\t\t\t\t\t<\/div>\n\t\t\t\t<\/div>\n\t\t\t\t<div class=\"elementor-element elementor-element-febed47 elementor-widget elementor-widget-spacer\" data-id=\"febed47\" data-element_type=\"widget\" data-e-type=\"widget\" data-widget_type=\"spacer.default\">\n\t\t\t\t<div class=\"elementor-widget-container\">\n\t\t\t\t\t\t\t<div class=\"elementor-spacer\">\n\t\t\t<div class=\"elementor-spacer-inner\"><\/div>\n\t\t<\/div>\n\t\t\t\t\t\t<\/div>\n\t\t\t\t<\/div>\n\t\t\t\t<div class=\"elementor-element elementor-element-4039db6 elementor-align-center gg-button-v8 elementor-widget elementor-widget-button\" data-id=\"4039db6\" data-element_type=\"widget\" data-e-type=\"widget\" data-widget_type=\"button.default\">\n\t\t\t\t<div class=\"elementor-widget-container\">\n\t\t\t\t\t\t\t\t\t<div class=\"elementor-button-wrapper\">\n\t\t\t\t\t<a class=\"elementor-button elementor-button-link elementor-size-sm\" href=\"https:\/\/expleo.gan-compliance.com\/p\/SpeakUp?locale=en-US\" target=\"_blank\" id=\"gg-button-v8\">\n\t\t\t\t\t\t<span class=\"elementor-button-content-wrapper\">\n\t\t\t\t\t\t\t\t\t<span class=\"elementor-button-text\">Portail Expleo Speak-up<\/span>\n\t\t\t\t\t<\/span>\n\t\t\t\t\t<\/a>\n\t\t\t\t<\/div>\n\t\t\t\t\t\t\t\t<\/div>\n\t\t\t\t<\/div>\n\t\t\t\t<div class=\"elementor-element elementor-element-8c735a1 elementor-widget elementor-widget-spacer\" data-id=\"8c735a1\" data-element_type=\"widget\" data-e-type=\"widget\" data-widget_type=\"spacer.default\">\n\t\t\t\t<div class=\"elementor-widget-container\">\n\t\t\t\t\t\t\t<div class=\"elementor-spacer\">\n\t\t\t<div class=\"elementor-spacer-inner\"><\/div>\n\t\t<\/div>\n\t\t\t\t\t\t<\/div>\n\t\t\t\t<\/div>\n\t\t\t\t\t<\/div>\n\t\t<\/div>\n\t\t\t\t\t<\/div>\n\t\t<\/section>\n\t\t\t\t<\/div>\n\t\t","protected":false},"excerpt":{"rendered":"<p>Speak Up \u2013 La plateforme d&#8217;alerte d&#8217;Expleo Cette plateforme est un syst\u00e8me de messagerie qui met en relation de mani\u00e8re s\u00e9curis\u00e9e l&#8217;auteur d&#8217;un signalement et un gestionnaire de cas.\u00a0\u00a0 Ce portail s\u00e9curis\u00e9 est d\u00e9di\u00e9 au signalement et fonctionne 24 heures sur 24, 7 jours sur 7, 365 jours par an.\u00a0\u00a0 Il\u00a0garantit le cryptage et la [&hellip;]<\/p>\n","protected":false},"author":81,"featured_media":0,"parent":0,"menu_order":0,"comment_status":"closed","ping_status":"closed","template":"","meta":{"_oasis_is_in_workflow":0,"_oasis_original":0,"_oasis_task_priority":"","footnotes":""},"content-type":[],"class_list":["post-49897","page","type-page","status-publish","hentry"],"yoast_head":"<!-- This site is optimized with the Yoast SEO Premium plugin v27.0 (Yoast SEO v27.3) - https:\/\/yoast.com\/product\/yoast-seo-premium-wordpress\/ -->\n<title>Expleo | Portail Speak-up<\/title>\n<meta name=\"description\" content=\"Cette plateforme est un syst\u00e8me de messagerie qui met en relation de mani\u00e8re s\u00e9curis\u00e9e l&#039;auteur d&#039;un signalement et un gestionnaire de cas.\" \/>\n<meta name=\"robots\" content=\"index, follow, max-snippet:-1, max-image-preview:large, max-video-preview:-1\" \/>\n<link rel=\"canonical\" href=\"https:\/\/expleo.com\/global\/fr\/speak-up-alert-platform\/\" \/>\n<meta property=\"og:locale\" content=\"fr_FR\" \/>\n<meta property=\"og:type\" content=\"article\" \/>\n<meta property=\"og:title\" content=\"Speak Up \u2013 Expleo\u2019s alert platform\" \/>\n<meta property=\"og:description\" content=\"Cette plateforme est un syst\u00e8me de messagerie qui met en relation de mani\u00e8re s\u00e9curis\u00e9e l&#039;auteur d&#039;un signalement et un gestionnaire de cas.\" \/>\n<meta property=\"og:url\" content=\"https:\/\/expleo.com\/global\/fr\/speak-up-alert-platform\/\" \/>\n<meta property=\"og:site_name\" content=\"Global FR\" \/>\n<meta property=\"article:modified_time\" content=\"2025-11-19T15:43:38+00:00\" \/>\n<meta name=\"twitter:card\" content=\"summary_large_image\" \/>\n<meta name=\"twitter:label1\" content=\"Est. reading time\" \/>\n\t<meta name=\"twitter:data1\" content=\"3 minutes\" \/>\n<script type=\"application\/ld+json\" class=\"yoast-schema-graph\">{\"@context\":\"https:\\\/\\\/schema.org\",\"@graph\":[{\"@type\":\"WebPage\",\"@id\":\"https:\\\/\\\/expleo.com\\\/global\\\/fr\\\/speak-up-alert-platform\\\/\",\"url\":\"https:\\\/\\\/expleo.com\\\/global\\\/fr\\\/speak-up-alert-platform\\\/\",\"name\":\"Expleo | Portail Speak-up\",\"isPartOf\":{\"@id\":\"https:\\\/\\\/expleo.com\\\/global\\\/fr\\\/#website\"},\"datePublished\":\"2025-11-03T13:13:39+00:00\",\"dateModified\":\"2025-11-19T15:43:38+00:00\",\"description\":\"Cette plateforme est un syst\u00e8me de messagerie qui met en relation de mani\u00e8re s\u00e9curis\u00e9e l'auteur d'un signalement et un gestionnaire de cas.\",\"breadcrumb\":{\"@id\":\"https:\\\/\\\/expleo.com\\\/global\\\/fr\\\/speak-up-alert-platform\\\/#breadcrumb\"},\"inLanguage\":\"fr-FR\",\"potentialAction\":[{\"@type\":\"ReadAction\",\"target\":[\"https:\\\/\\\/expleo.com\\\/global\\\/fr\\\/speak-up-alert-platform\\\/\"]}]},{\"@type\":\"BreadcrumbList\",\"@id\":\"https:\\\/\\\/expleo.com\\\/global\\\/fr\\\/speak-up-alert-platform\\\/#breadcrumb\",\"itemListElement\":[{\"@type\":\"ListItem\",\"position\":1,\"name\":\"Home\",\"item\":\"https:\\\/\\\/expleo.com\\\/global\\\/fr\\\/\"},{\"@type\":\"ListItem\",\"position\":2,\"name\":\"Speak Up \u2013 Expleo\u2019s alert platform\"}]},{\"@type\":\"WebSite\",\"@id\":\"https:\\\/\\\/expleo.com\\\/global\\\/fr\\\/#website\",\"url\":\"https:\\\/\\\/expleo.com\\\/global\\\/fr\\\/\",\"name\":\"Expleo | FR\",\"description\":\"Expleo\",\"publisher\":{\"@id\":\"https:\\\/\\\/expleo.com\\\/global\\\/fr\\\/#organization\"},\"potentialAction\":[{\"@type\":\"SearchAction\",\"target\":{\"@type\":\"EntryPoint\",\"urlTemplate\":\"https:\\\/\\\/expleo.com\\\/global\\\/fr\\\/?s={search_term_string}\"},\"query-input\":{\"@type\":\"PropertyValueSpecification\",\"valueRequired\":true,\"valueName\":\"search_term_string\"}}],\"inLanguage\":\"fr-FR\"},{\"@type\":\"Organization\",\"@id\":\"https:\\\/\\\/expleo.com\\\/global\\\/fr\\\/#organization\",\"name\":\"Expleo | FR\",\"url\":\"https:\\\/\\\/expleo.com\\\/global\\\/fr\\\/\",\"logo\":{\"@type\":\"ImageObject\",\"inLanguage\":\"fr-FR\",\"@id\":\"https:\\\/\\\/expleo.com\\\/global\\\/fr\\\/#\\\/schema\\\/logo\\\/image\\\/\",\"url\":\"https:\\\/\\\/expleo.com\\\/global\\\/fr\\\/wp-content\\\/uploads\\\/2019\\\/02\\\/expleo-logo-and-tagline.png\",\"contentUrl\":\"https:\\\/\\\/expleo.com\\\/global\\\/fr\\\/wp-content\\\/uploads\\\/2019\\\/02\\\/expleo-logo-and-tagline.png\",\"width\":1600,\"height\":774,\"caption\":\"Expleo | FR\"},\"image\":{\"@id\":\"https:\\\/\\\/expleo.com\\\/global\\\/fr\\\/#\\\/schema\\\/logo\\\/image\\\/\"}}]}<\/script>\n<!-- \/ Yoast SEO Premium plugin. -->","yoast_head_json":{"title":"Expleo | Portail Speak-up","description":"Cette plateforme est un syst\u00e8me de messagerie qui met en relation de mani\u00e8re s\u00e9curis\u00e9e l'auteur d'un signalement et un gestionnaire de cas.","robots":{"index":"index","follow":"follow","max-snippet":"max-snippet:-1","max-image-preview":"max-image-preview:large","max-video-preview":"max-video-preview:-1"},"canonical":"https:\/\/expleo.com\/global\/fr\/speak-up-alert-platform\/","og_locale":"fr_FR","og_type":"article","og_title":"Speak Up \u2013 Expleo\u2019s alert platform","og_description":"Cette plateforme est un syst\u00e8me de messagerie qui met en relation de mani\u00e8re s\u00e9curis\u00e9e l'auteur d'un signalement et un gestionnaire de cas.","og_url":"https:\/\/expleo.com\/global\/fr\/speak-up-alert-platform\/","og_site_name":"Global FR","article_modified_time":"2025-11-19T15:43:38+00:00","twitter_card":"summary_large_image","twitter_misc":{"Est. reading time":"3 minutes"},"schema":{"@context":"https:\/\/schema.org","@graph":[{"@type":"WebPage","@id":"https:\/\/expleo.com\/global\/fr\/speak-up-alert-platform\/","url":"https:\/\/expleo.com\/global\/fr\/speak-up-alert-platform\/","name":"Expleo | Portail Speak-up","isPartOf":{"@id":"https:\/\/expleo.com\/global\/fr\/#website"},"datePublished":"2025-11-03T13:13:39+00:00","dateModified":"2025-11-19T15:43:38+00:00","description":"Cette plateforme est un syst\u00e8me de messagerie qui met en relation de mani\u00e8re s\u00e9curis\u00e9e l'auteur d'un signalement et un gestionnaire de cas.","breadcrumb":{"@id":"https:\/\/expleo.com\/global\/fr\/speak-up-alert-platform\/#breadcrumb"},"inLanguage":"fr-FR","potentialAction":[{"@type":"ReadAction","target":["https:\/\/expleo.com\/global\/fr\/speak-up-alert-platform\/"]}]},{"@type":"BreadcrumbList","@id":"https:\/\/expleo.com\/global\/fr\/speak-up-alert-platform\/#breadcrumb","itemListElement":[{"@type":"ListItem","position":1,"name":"Home","item":"https:\/\/expleo.com\/global\/fr\/"},{"@type":"ListItem","position":2,"name":"Speak Up \u2013 Expleo\u2019s alert platform"}]},{"@type":"WebSite","@id":"https:\/\/expleo.com\/global\/fr\/#website","url":"https:\/\/expleo.com\/global\/fr\/","name":"Expleo | FR","description":"Expleo","publisher":{"@id":"https:\/\/expleo.com\/global\/fr\/#organization"},"potentialAction":[{"@type":"SearchAction","target":{"@type":"EntryPoint","urlTemplate":"https:\/\/expleo.com\/global\/fr\/?s={search_term_string}"},"query-input":{"@type":"PropertyValueSpecification","valueRequired":true,"valueName":"search_term_string"}}],"inLanguage":"fr-FR"},{"@type":"Organization","@id":"https:\/\/expleo.com\/global\/fr\/#organization","name":"Expleo | FR","url":"https:\/\/expleo.com\/global\/fr\/","logo":{"@type":"ImageObject","inLanguage":"fr-FR","@id":"https:\/\/expleo.com\/global\/fr\/#\/schema\/logo\/image\/","url":"https:\/\/expleo.com\/global\/fr\/wp-content\/uploads\/2019\/02\/expleo-logo-and-tagline.png","contentUrl":"https:\/\/expleo.com\/global\/fr\/wp-content\/uploads\/2019\/02\/expleo-logo-and-tagline.png","width":1600,"height":774,"caption":"Expleo | FR"},"image":{"@id":"https:\/\/expleo.com\/global\/fr\/#\/schema\/logo\/image\/"}}]}},"hreflang":{"rendered":"<link rel=\"alternate\" href=\"https:\/\/expleo.com\/global\/en\/speak-up-alert-platform\/\" hreflang=\"x-default\"\/>\n<link rel=\"alternate\" href=\"https:\/\/expleo.com\/global\/en\/speak-up-alert-platform\/\" hreflang=\"en\"\/>\n<link rel=\"alternate\" href=\"https:\/\/expleo.com\/global\/fr\/speak-up-alert-platform\/\" hreflang=\"fr\"\/>\n<link rel=\"alternate\" href=\"https:\/\/expleo.com\/global\/de\/speak-up-alert-platform\/\" hreflang=\"de\"\/>\n","structure":[{"blogId":4,"blogIsHidden":false,"postId":111748,"url":"https:\/\/expleo.com\/global\/en\/speak-up-alert-platform\/","language":"en","default":true},{"blogId":5,"blogIsHidden":false,"postId":49897,"url":"https:\/\/expleo.com\/global\/fr\/speak-up-alert-platform\/","language":"fr","default":false},{"blogId":6,"blogIsHidden":false,"postId":42787,"url":"https:\/\/expleo.com\/global\/de\/speak-up-alert-platform\/","language":"de","default":false}]},"_links":{"self":[{"href":"https:\/\/expleo.com\/global\/fr\/wp-json\/wp\/v2\/pages\/49897","targetHints":{"allow":["GET"]}}],"collection":[{"href":"https:\/\/expleo.com\/global\/fr\/wp-json\/wp\/v2\/pages"}],"about":[{"href":"https:\/\/expleo.com\/global\/fr\/wp-json\/wp\/v2\/types\/page"}],"author":[{"embeddable":true,"href":"https:\/\/expleo.com\/global\/fr\/wp-json\/wp\/v2\/users\/81"}],"replies":[{"embeddable":true,"href":"https:\/\/expleo.com\/global\/fr\/wp-json\/wp\/v2\/comments?post=49897"}],"version-history":[{"count":10,"href":"https:\/\/expleo.com\/global\/fr\/wp-json\/wp\/v2\/pages\/49897\/revisions"}],"predecessor-version":[{"id":49919,"href":"https:\/\/expleo.com\/global\/fr\/wp-json\/wp\/v2\/pages\/49897\/revisions\/49919"}],"wp:attachment":[{"href":"https:\/\/expleo.com\/global\/fr\/wp-json\/wp\/v2\/media?parent=49897"}],"wp:term":[{"taxonomy":"content-type","embeddable":true,"href":"https:\/\/expleo.com\/global\/fr\/wp-json\/wp\/v2\/content-type?post=49897"}],"curies":[{"name":"wp","href":"https:\/\/api.w.org\/{rel}","templated":true}]}}